{"id":201,"date":"2025-04-01T19:50:38","date_gmt":"2025-04-01T19:50:38","guid":{"rendered":"http:\/\/portfoliomatteo.infy.uk\/?page_id=201"},"modified":"2025-04-03T16:09:35","modified_gmt":"2025-04-03T16:09:35","slug":"confiserie-payet","status":"publish","type":"page","link":"https:\/\/matteoweil.com\/?page_id=201","title":{"rendered":"Confiserie Payet"},"content":{"rendered":"<p>[et_pb_section fb_built=\u00a0\u00bb1&Prime; admin_label=\u00a0\u00bbHeader\u00a0\u00bb _builder_version=\u00a0\u00bb4.17.4&Prime; _module_preset=\u00a0\u00bbdefault\u00a0\u00bb background_color=\u00a0\u00bb#000000&Prime; background_image=\u00a0\u00bbhttps:\/\/matteoweil.com\/wp-content\/uploads\/2025\/03\/streamer-69.png\u00a0\u00bb collapsed=\u00a0\u00bbon\u00a0\u00bb global_colors_info=\u00a0\u00bb{}\u00a0\u00bb][et_pb_row column_structure=\u00a0\u00bb3_5,2_5&Prime; custom_padding_last_edited=\u00a0\u00bbon|phone\u00a0\u00bb _builder_version=\u00a0\u00bb4.17.4&Prime; _module_preset=\u00a0\u00bbdefault\u00a0\u00bb background_color=\u00a0\u00bbrgba(255,255,255,0.08)\u00a0\u00bb overflow-x=\u00a0\u00bbvisible\u00a0\u00bb overflow-y=\u00a0\u00bbvisible\u00a0\u00bb custom_margin=\u00a0\u00bb||||false|false\u00a0\u00bb custom_padding=\u00a0\u00bb60px|60px|60px|60px|true|true\u00a0\u00bb custom_padding_tablet=\u00a0\u00bb30px|30px|30px|30px|true|true\u00a0\u00bb custom_padding_phone=\u00a0\u00bb20px|20px|20px|20px|true|true\u00a0\u00bb border_radii=\u00a0\u00bboff|20px|20px||\u00a0\u00bb box_shadow_style=\u00a0\u00bbpreset1&Prime; box_shadow_horizontal=\u00a0\u00bb-1px\u00a0\u00bb box_shadow_vertical=\u00a0\u00bb-1px\u00a0\u00bb box_shadow_blur=\u00a0\u00bb0px\u00a0\u00bb box_shadow_color=\u00a0\u00bbrgba(255,255,255,0.21)\u00a0\u00bb global_colors_info=\u00a0\u00bb{}\u00a0\u00bb][et_pb_column type=\u00a0\u00bb3_5&Prime; _builder_version=\u00a0\u00bb4.17.4&Prime; _module_preset=\u00a0\u00bbdefault\u00a0\u00bb global_colors_info=\u00a0\u00bb{}\u00a0\u00bb admin_label=\u00a0\u00bbColonne\u00a0\u00bb][et_pb_text _builder_version=\u00a0\u00bb4.24.0&Prime; _module_preset=\u00a0\u00bbe6504a1b-67eb-4b3d-b023-bcab277610b6&Prime; header_4_font=\u00a0\u00bbInter|700||on|||||\u00a0\u00bb header_4_text_color=\u00a0\u00bb#FF0099&Prime; header_4_font_size=\u00a0\u00bb14px\u00a0\u00bb header_4_letter_spacing=\u00a0\u00bb0.4em\u00a0\u00bb header_4_line_height=\u00a0\u00bb1.5em\u00a0\u00bb custom_margin=\u00a0\u00bb||0px||false|false\u00a0\u00bb global_colors_info=\u00a0\u00bb{}\u00a0\u00bb]<\/p>\n<h4>MAtteo ,ROMAN, ALexandre<\/h4>\n<p>[\/et_pb_text][et_pb_text _builder_version=\u00a0\u00bb4.24.0&Prime; _module_preset=\u00a0\u00bbc16985e1-e0d6-4022-964d-e2bfc04fa633&Prime; header_font=\u00a0\u00bbTrispace|700||on|||||\u00a0\u00bb header_text_color=\u00a0\u00bb#FFFFFF\u00a0\u00bb header_font_size=\u00a0\u00bb110px\u00a0\u00bb header_letter_spacing=\u00a0\u00bb0em\u00a0\u00bb custom_margin=\u00a0\u00bb|-40%|||false|false\u00a0\u00bb hover_enabled=\u00a0\u00bb0&Prime; header_font_size_tablet=\u00a0\u00bb40px\u00a0\u00bb header_font_size_phone=\u00a0\u00bb24px\u00a0\u00bb header_font_size_last_edited=\u00a0\u00bbon|phone\u00a0\u00bb locked=\u00a0\u00bboff\u00a0\u00bb global_colors_info=\u00a0\u00bb{}\u00a0\u00bb sticky_enabled=\u00a0\u00bb0&Prime;]<\/p>\n<h1>ConfiseriEPAYET<\/h1>\n<p>&nbsp;<\/p>\n<p>[\/et_pb_text][et_pb_text _builder_version=\u00a0\u00bb4.24.0&Prime; _module_preset=\u00a0\u00bb1f09816e-184e-4ce5-a4cf-b39c52c423ca\u00a0\u00bb text_font=\u00a0\u00bbOpen Sans||||||||\u00a0\u00bb text_text_color=\u00a0\u00bb#7F8596&Prime; text_font_size=\u00a0\u00bb16px\u00a0\u00bb text_line_height=\u00a0\u00bb1.8em\u00a0\u00bb text_font_size_tablet=\u00a0\u00bb15px\u00a0\u00bb text_font_size_phone=\u00a0\u00bb14px\u00a0\u00bb text_font_size_last_edited=\u00a0\u00bbon|phone\u00a0\u00bb header_font_size_tablet=\u00a0\u00bb55px\u00a0\u00bb header_font_size_last_edited=\u00a0\u00bboff|desktop\u00a0\u00bb global_colors_info=\u00a0\u00bb{}\u00a0\u00bb]<\/p>\n<p><strong>Projet de Site Vitrine pour une Confiserie<\/strong><\/p>\n<h2><span style=\"color: #ffffff;\">Contexte et Objectifs<\/span><\/h2>\n<p><span style=\"color: #ffffff;\"><\/span><\/p>\n<p>Ce projet avait pour objectif la conception et le d\u00e9ploiement d\u2019un site vitrine pour une confiserie en utilisant WordPress. L\u2019accent a \u00e9t\u00e9 mis sur l\u2019acquisition d\u2019une expertise technique en h\u00e9bergement web, en configuration de serveurs et en gestion de domaines. L\u2019objectif final \u00e9tait de livrer un site attractif et fonctionnel, conforme \u00e0 une maquette pr\u00e9\u00e9tablie, tout en surmontant les d\u00e9fis techniques inh\u00e9rents \u00e0 l\u2019installation et \u00e0 la configuration des services n\u00e9cessaires.<\/p>\n<p>&nbsp;<\/p>\n<h2><span style=\"color: #ffffff;\">\u00c9tapes Cl\u00e9s du Projet<\/span><\/h2>\n<p><span style=\"color: #ffffff;\"><\/span><\/p>\n<p><span style=\"color: #ffffff;\"><\/span><\/p>\n<p><span style=\"color: #ffffff;\"><\/span><\/p>\n<h3><span style=\"color: #ffffff;\">1. \u00c9laboration du Cahier des Charges<\/span><\/h3>\n<ul>\n<li>\n<p>Analyse des besoins et d\u00e9finition des fonctionnalit\u00e9s essentielles : pr\u00e9sentation des produits, formulaire de contact, sections informatives.<\/p>\n<\/li>\n<li>\n<p>Conception d\u2019une maquette initiale d\u00e9taillant la structure et l\u2019identit\u00e9 visuelle du site.<\/p>\n<\/li>\n<\/ul>\n<h3><span style=\"color: #ffffff;\">2. Cr\u00e9ation et Configuration de l\u2019Environnement Serveur<\/span><\/h3>\n<ul>\n<li>\n<p>Mise en place d\u2019une machine virtuelle d\u00e9di\u00e9e.<\/p>\n<\/li>\n<li>\n<p>Installation et configuration des services requis (Apache, PHP, MySQL) via la commande :<\/p>\n<pre><code class=\"language-bash\">sudo apt install apache2 php libapache2-mod-php php-mysql\n<\/code><\/pre>\n<\/li>\n<\/ul>\n<h3><span style=\"color: #ffffff;\">3. Installation et Configuration de WordPress<\/span><\/h3>\n<ul>\n<li>\n<p>T\u00e9l\u00e9chargement et installation de WordPress sur le serveur :<\/p>\n<pre><code class=\"language-bash\">cd \/tmp &amp;&amp; curl -O https:\/\/wordpress.org\/latest.tar.gz\ntar xzvf latest.tar.gz\n<\/code><\/pre>\n<\/li>\n<li>\n<p>Configuration du fichier <strong>wp-config.php<\/strong> pour lier WordPress \u00e0 la base de donn\u00e9es et d\u00e9finir les param\u00e8tres du domaine.<\/p>\n<\/li>\n<\/ul>\n<h3><span style=\"color: #ffffff;\">4. Configuration du Domaine<\/span><\/h3>\n<ul>\n<li>\n<p>Cr\u00e9ation d\u2019un r\u00e9pertoire d\u00e9di\u00e9 pour l\u2019h\u00e9bergement du site :<\/p>\n<pre><code class=\"language-bash\">sudo mkdir \/var\/www\/le_domaine\n<\/code><\/pre>\n<\/li>\n<li>\n<p>Configuration des fichiers Apache pour la gestion du domaine :<\/p>\n<pre><code class=\"language-bash\">sudo nano \/etc\/apache2\/sites-available\/le_domaine.conf\n<\/code><\/pre>\n<\/li>\n<li>\n<p>Activation des modifications et d\u00e9ploiement des param\u00e8tres du domaine.<\/p>\n<\/li>\n<\/ul>\n<h2><span style=\"color: #ffffff;\">Probl\u00e9matiques Rencontr\u00e9es et Solutions Apport\u00e9es<\/span><\/h2>\n<p><span style=\"color: #ffffff;\"><\/span><\/p>\n<p><span style=\"color: #ffffff;\"><\/span><\/p>\n<h3><span style=\"color: #ffffff;\">Probl\u00e8mes Techniques<\/span><\/h3>\n<ul>\n<li>\n<p>D\u00e9pendances manquantes ou incompatibilit\u00e9s dans les packages n\u00e9cessaires \u00e0 PHP et WordPress.<\/p>\n<\/li>\n<li>\n<p>Difficult\u00e9s lors de la configuration du domaine.<\/p>\n<\/li>\n<\/ul>\n<h3><span style=\"color: #ffffff;\">Solutions Impl\u00e9ment\u00e9es<\/span><\/h3>\n<ul>\n<li>\n<p>Suppression des proxys bloquants certaines installations.<\/p>\n<\/li>\n<li>\n<p>Passage temporaire \u00e0 des environnements locaux (WAMP\/XAMPP) pour tester et affiner la configuration avant le d\u00e9ploiement final.<\/p>\n<\/li>\n<\/ul>\n<h2><\/h2>\n<h2><span style=\"color: #ffffff;\">R\u00e9sultat Final<\/span><\/h2>\n<ul>\n<li>\n<p>D\u00e9ploiement d\u2019un site vitrine op\u00e9rationnel, respectant les exigences d\u00e9finies par la maquette.<\/p>\n<\/li>\n<li>\n<p>H\u00e9bergement s\u00e9curis\u00e9 sur une machine virtuelle avec un domaine enti\u00e8rement configur\u00e9.<\/p>\n<\/li>\n<\/ul>\n<h2><\/h2>\n<h2><span style=\"color: #ffffff;\">Comp\u00e9tences D\u00e9velopp\u00e9es<\/span><\/h2>\n<p>&nbsp;<\/p>\n<h3><span style=\"color: #ffffff;\">Comp\u00e9tences Techniques<\/span><\/h3>\n<ul>\n<li>\n<p><strong>Configuration et administration de serveurs web<\/strong> (Apache, PHP, MySQL).<\/p>\n<\/li>\n<li>\n<p><strong>Installation et d\u00e9ploiement d\u2019un CMS<\/strong> (WordPress) sur un serveur distant.<\/p>\n<\/li>\n<li>\n<p><strong>Gestion et configuration de domaines<\/strong> pour un h\u00e9bergement professionnel.<\/p>\n<\/li>\n<\/ul>\n<h3><span style=\"color: #ffffff;\"><\/span><\/h3>\n<h3><span style=\"color: #ffffff;\">Comp\u00e9tences Organisationnelles<\/span><\/h3>\n<ul>\n<li>\n<p>Planification et gestion d\u2019un projet web en respectant un cahier des charges pr\u00e9cis.<\/p>\n<\/li>\n<li>\n<p>R\u00e9solution collaborative des d\u00e9fis techniques rencontr\u00e9s.<\/p>\n<\/li>\n<li>\n<p>Capacit\u00e9 \u00e0 adapter les solutions en fonction des contraintes techniques et environnementales.<\/p>\n<\/li>\n<\/ul>\n<p>Ce projet a permis d\u2019approfondir mes comp\u00e9tences en h\u00e9bergement web et en gestion de CMS, tout en consolidant mes connaissances en configuration de serveurs et en administration de domaines.<\/p>\n<p>[\/et_pb_text][\/et_pb_column][et_pb_column type=\u00a0\u00bb2_5&Prime; _builder_version=\u00a0\u00bb4.17.4&Prime; _module_preset=\u00a0\u00bbdefault\u00a0\u00bb custom_padding=\u00a0\u00bb||||false|false\u00a0\u00bb custom_padding_tablet=\u00a0\u00bb10%||||false|false\u00a0\u00bb custom_padding_phone=\u00a0\u00bb10%||||false|false\u00a0\u00bb custom_padding_last_edited=\u00a0\u00bbon|tablet\u00a0\u00bb global_colors_info=\u00a0\u00bb{}\u00a0\u00bb][et_pb_image src=\u00a0\u00bbhttps:\/\/matteoweil.com\/wp-content\/uploads\/2025\/03\/logo_confiserie_final.png\u00a0\u00bb title_text=\u00a0\u00bblogo_confiserie_final\u00a0\u00bb _builder_version=\u00a0\u00bb4.24.0&Prime; _module_preset=\u00a0\u00bbdefault\u00a0\u00bb hover_enabled=\u00a0\u00bb0&Prime; global_colors_info=\u00a0\u00bb{}\u00a0\u00bb sticky_enabled=\u00a0\u00bb0&Prime; width=\u00a0\u00bb100%\u00a0\u00bb custom_margin=\u00a0\u00bb-81px|57px|-81px|57px|true|true\u00a0\u00bb custom_padding=\u00a0\u00bb||||false\u00a0\u00bb][\/et_pb_image][\/et_pb_column][\/et_pb_row][et_pb_row column_structure=\u00a0\u00bb1_3,1_3,1_3&Prime; use_custom_gutter=\u00a0\u00bbon\u00a0\u00bb gutter_width=\u00a0\u00bb1&Prime; custom_padding_last_edited=\u00a0\u00bbon|desktop\u00a0\u00bb _builder_version=\u00a0\u00bb4.17.4&Prime; _module_preset=\u00a0\u00bbdefault\u00a0\u00bb use_background_color_gradient=\u00a0\u00bbon\u00a0\u00bb background_color_gradient_direction=\u00a0\u00bb90deg\u00a0\u00bb background_color_gradient_stops=\u00a0\u00bb#fa00ff 0%|#5200ff 100%\u00a0\u00bb custom_padding=\u00a0\u00bb50px|60px|50px|60px|true|true\u00a0\u00bb custom_padding_tablet=\u00a0\u00bb30px|30px|30px|30px|true|true\u00a0\u00bb custom_padding_phone=\u00a0\u00bb20px|20px|20px|20px|true|true\u00a0\u00bb border_radii=\u00a0\u00bboff|||20px|20px\u00a0\u00bb locked=\u00a0\u00bboff\u00a0\u00bb global_colors_info=\u00a0\u00bb{}\u00a0\u00bb][et_pb_column type=\u00a0\u00bb1_3&Prime; _builder_version=\u00a0\u00bb4.17.4&Prime; _module_preset=\u00a0\u00bbdefault\u00a0\u00bb custom_padding_tablet=\u00a0\u00bb||30px||false|false\u00a0\u00bb custom_padding_phone=\u00a0\u00bb||30px||false|false\u00a0\u00bb custom_padding_last_edited=\u00a0\u00bbon|tablet\u00a0\u00bb global_colors_info=\u00a0\u00bb{}\u00a0\u00bb][\/et_pb_column][et_pb_column type=\u00a0\u00bb1_3&Prime; _builder_version=\u00a0\u00bb4.17.4&Prime; _module_preset=\u00a0\u00bbdefault\u00a0\u00bb custom_padding_tablet=\u00a0\u00bb||30px||false|false\u00a0\u00bb custom_padding_phone=\u00a0\u00bb||30px||false|false\u00a0\u00bb custom_padding_last_edited=\u00a0\u00bbon|tablet\u00a0\u00bb border_color_all=\u00a0\u00bbrgba(31,33,40,0.2)\u00a0\u00bb border_width_right=\u00a0\u00bb2px\u00a0\u00bb border_width_left=\u00a0\u00bb2px\u00a0\u00bb border_width_right_tablet=\u00a0\u00bb0px\u00a0\u00bb border_width_right_phone=\u00a0\u00bb0px\u00a0\u00bb border_width_right_last_edited=\u00a0\u00bbon|tablet\u00a0\u00bb border_width_left_tablet=\u00a0\u00bb0px\u00a0\u00bb border_width_left_phone=\u00a0\u00bb0px\u00a0\u00bb border_width_left_last_edited=\u00a0\u00bbon|tablet\u00a0\u00bb global_colors_info=\u00a0\u00bb{}\u00a0\u00bb][\/et_pb_column][et_pb_column type=\u00a0\u00bb1_3&Prime; _builder_version=\u00a0\u00bb4.17.4&Prime; _module_preset=\u00a0\u00bbdefault\u00a0\u00bb global_colors_info=\u00a0\u00bb{}\u00a0\u00bb][\/et_pb_column][\/et_pb_row][\/et_pb_section][et_pb_section fb_built=\u00a0\u00bb1&Prime; admin_label=\u00a0\u00bbVideos\u00a0\u00bb _builder_version=\u00a0\u00bb4.17.4&Prime; _module_preset=\u00a0\u00bbdefault\u00a0\u00bb background_color=\u00a0\u00bb#000000&Prime; custom_padding=\u00a0\u00bb||196px|||\u00a0\u00bb saved_tabs=\u00a0\u00bball\u00a0\u00bb collapsed=\u00a0\u00bbon\u00a0\u00bb global_colors_info=\u00a0\u00bb{}\u00a0\u00bb][et_pb_row _builder_version=\u00a0\u00bb4.17.4&Prime; _module_preset=\u00a0\u00bbdefault\u00a0\u00bb global_colors_info=\u00a0\u00bb{}\u00a0\u00bb][et_pb_column type=\u00a0\u00bb4_4&Prime; _builder_version=\u00a0\u00bb4.17.4&Prime; _module_preset=\u00a0\u00bbdefault\u00a0\u00bb global_colors_info=\u00a0\u00bb{}\u00a0\u00bb][et_pb_text _builder_version=\u00a0\u00bb4.24.0&Prime; _module_preset=\u00a0\u00bbb327cbe4-b1d5-4b66-ad37-40c8f2f061ba\u00a0\u00bb header_text_color=\u00a0\u00bb#FFFFFF\u00a0\u00bb header_2_font=\u00a0\u00bbTrispace|700||on|||||\u00a0\u00bb header_2_text_color=\u00a0\u00bb#FFFFFF\u00a0\u00bb header_2_font_size=\u00a0\u00bb48px\u00a0\u00bb header_2_letter_spacing=\u00a0\u00bb0em\u00a0\u00bb header_2_line_height=\u00a0\u00bb1.2em\u00a0\u00bb text_orientation=\u00a0\u00bbcenter\u00a0\u00bb header_2_font_size_tablet=\u00a0\u00bb32px\u00a0\u00bb header_2_font_size_phone=\u00a0\u00bb20px\u00a0\u00bb header_2_font_size_last_edited=\u00a0\u00bbon|desktop\u00a0\u00bb header_2_text_shadow_style=\u00a0\u00bbpreset2&Prime; header_2_text_shadow_horizontal_length=\u00a0\u00bb0em\u00a0\u00bb header_2_text_shadow_vertical_length=\u00a0\u00bb4px\u00a0\u00bb header_2_text_shadow_blur_strength=\u00a0\u00bb0px\u00a0\u00bb header_2_text_shadow_color=\u00a0\u00bb#543bf5&Prime; global_colors_info=\u00a0\u00bb{}\u00a0\u00bb]<\/p>\n<h2>MAQUETTE + RESULTAT<\/h2>\n<p>[\/et_pb_text][\/et_pb_column][\/et_pb_row][et_pb_row _builder_version=\u00a0\u00bb4.24.0&Prime; _module_preset=\u00a0\u00bbdefault\u00a0\u00bb global_colors_info=\u00a0\u00bb{}\u00a0\u00bb][et_pb_column type=\u00a0\u00bb4_4&Prime; _builder_version=\u00a0\u00bb4.24.0&Prime; _module_preset=\u00a0\u00bbdefault\u00a0\u00bb global_colors_info=\u00a0\u00bb{}\u00a0\u00bb][et_pb_accordion _builder_version=\u00a0\u00bb4.24.0&Prime; _module_preset=\u00a0\u00bbdefault\u00a0\u00bb global_colors_info=\u00a0\u00bb{}\u00a0\u00bb][et_pb_accordion_item title=\u00a0\u00bbMAQUETTE\u00a0\u00bb open=\u00a0\u00bbon\u00a0\u00bb _builder_version=\u00a0\u00bb4.24.0&Prime; _module_preset=\u00a0\u00bbdefault\u00a0\u00bb global_colors_info=\u00a0\u00bb{}\u00a0\u00bb]<\/p>\n<p><img loading=\"lazy\" decoding=\"async\" src=\"https:\/\/matteoweil.com\/wp-content\/uploads\/2025\/04\/Capture-decran-2025-01-13-122426-1.png\" width=\"889\" height=\"501\" alt=\"\" class=\"wp-image-242 aligncenter size-full\" srcset=\"https:\/\/matteoweil.com\/wp-content\/uploads\/2025\/04\/Capture-decran-2025-01-13-122426-1.png 889w, https:\/\/matteoweil.com\/wp-content\/uploads\/2025\/04\/Capture-decran-2025-01-13-122426-1-480x271.png 480w\" sizes=\"auto, (min-width: 0px) and (max-width: 480px) 480px, (min-width: 481px) 889px, 100vw\" \/><\/p>\n<p>[\/et_pb_accordion_item][et_pb_accordion_item title=\u00a0\u00bbRESULTAT FINAL\u00a0\u00bb _builder_version=\u00a0\u00bb4.24.0&Prime; _module_preset=\u00a0\u00bbdefault\u00a0\u00bb global_colors_info=\u00a0\u00bb{}\u00a0\u00bb open=\u00a0\u00bboff\u00a0\u00bb]<\/p>\n<p><img loading=\"lazy\" decoding=\"async\" src=\"https:\/\/matteoweil.com\/wp-content\/uploads\/2025\/04\/Capture-decran-2025-01-13-122416-1.png\" width=\"897\" height=\"462\" alt=\"\" class=\"wp-image-241 aligncenter size-full\" srcset=\"https:\/\/matteoweil.com\/wp-content\/uploads\/2025\/04\/Capture-decran-2025-01-13-122416-1.png 897w, https:\/\/matteoweil.com\/wp-content\/uploads\/2025\/04\/Capture-decran-2025-01-13-122416-1-480x247.png 480w\" sizes=\"auto, (min-width: 0px) and (max-width: 480px) 480px, (min-width: 481px) 897px, 100vw\" \/><\/p>\n<p>[\/et_pb_accordion_item][\/et_pb_accordion][\/et_pb_column][\/et_pb_row][\/et_pb_section]<\/p>\n","protected":false},"excerpt":{"rendered":"<p>MAtteo ,ROMAN, ALexandreConfiseriEPAYET &nbsp;Projet de Site Vitrine pour une Confiserie Contexte et Objectifs Ce projet avait pour objectif la conception et le d\u00e9ploiement d\u2019un site vitrine pour une confiserie en utilisant WordPress. L\u2019accent a \u00e9t\u00e9 mis sur l\u2019acquisition d\u2019une expertise technique en h\u00e9bergement web, en configuration de serveurs et en gestion de domaines. L\u2019objectif final [&hellip;]<\/p>\n","protected":false},"author":1,"featured_media":0,"parent":0,"menu_order":0,"comment_status":"closed","ping_status":"closed","template":"","meta":{"_et_pb_use_builder":"on","_et_pb_old_content":"","_et_gb_content_width":"","footnotes":""},"class_list":["post-201","page","type-page","status-publish","hentry"],"yoast_head":"<!-- This site is optimized with the Yoast SEO plugin v24.8.1 - https:\/\/yoast.com\/wordpress\/plugins\/seo\/ -->\n<title>Confiserie Payet - Portfolio Matteo WEIL<\/title>\n<meta name=\"robots\" content=\"index, follow, max-snippet:-1, max-image-preview:large, max-video-preview:-1\" \/>\n<link rel=\"canonical\" href=\"https:\/\/matteoweil.com\/?page_id=201\" \/>\n<meta property=\"og:locale\" content=\"fr_FR\" \/>\n<meta property=\"og:type\" content=\"article\" \/>\n<meta property=\"og:title\" content=\"Confiserie Payet - Portfolio Matteo WEIL\" \/>\n<meta property=\"og:description\" content=\"MAtteo ,ROMAN, ALexandreConfiseriEPAYET &nbsp;Projet de Site Vitrine pour une Confiserie Contexte et Objectifs Ce projet avait pour objectif la conception et le d\u00e9ploiement d\u2019un site vitrine pour une confiserie en utilisant WordPress. L\u2019accent a \u00e9t\u00e9 mis sur l\u2019acquisition d\u2019une expertise technique en h\u00e9bergement web, en configuration de serveurs et en gestion de domaines. L\u2019objectif final [&hellip;]\" \/>\n<meta property=\"og:url\" content=\"https:\/\/matteoweil.com\/?page_id=201\" \/>\n<meta property=\"og:site_name\" content=\"Portfolio Matteo WEIL\" \/>\n<meta property=\"article:modified_time\" content=\"2025-04-03T16:09:35+00:00\" \/>\n<meta property=\"og:image\" content=\"https:\/\/matteoweil.com\/wp-content\/uploads\/2025\/04\/Capture-decran-2025-01-13-122426-1.png\" \/>\n<meta name=\"twitter:card\" content=\"summary_large_image\" \/>\n<meta name=\"twitter:label1\" content=\"Dur\u00e9e de lecture estim\u00e9e\" \/>\n\t<meta name=\"twitter:data1\" content=\"7 minutes\" \/>\n<script type=\"application\/ld+json\" class=\"yoast-schema-graph\">{\"@context\":\"https:\/\/schema.org\",\"@graph\":[{\"@type\":\"WebPage\",\"@id\":\"https:\/\/matteoweil.com\/?page_id=201\",\"url\":\"https:\/\/matteoweil.com\/?page_id=201\",\"name\":\"Confiserie Payet - Portfolio Matteo WEIL\",\"isPartOf\":{\"@id\":\"https:\/\/matteoweil.com\/#website\"},\"primaryImageOfPage\":{\"@id\":\"https:\/\/matteoweil.com\/?page_id=201#primaryimage\"},\"image\":{\"@id\":\"https:\/\/matteoweil.com\/?page_id=201#primaryimage\"},\"thumbnailUrl\":\"https:\/\/matteoweil.com\/wp-content\/uploads\/2025\/04\/Capture-decran-2025-01-13-122426-1.png\",\"datePublished\":\"2025-04-01T19:50:38+00:00\",\"dateModified\":\"2025-04-03T16:09:35+00:00\",\"breadcrumb\":{\"@id\":\"https:\/\/matteoweil.com\/?page_id=201#breadcrumb\"},\"inLanguage\":\"fr-FR\",\"potentialAction\":[{\"@type\":\"ReadAction\",\"target\":[\"https:\/\/matteoweil.com\/?page_id=201\"]}]},{\"@type\":\"ImageObject\",\"inLanguage\":\"fr-FR\",\"@id\":\"https:\/\/matteoweil.com\/?page_id=201#primaryimage\",\"url\":\"https:\/\/matteoweil.com\/wp-content\/uploads\/2025\/04\/Capture-decran-2025-01-13-122426-1.png\",\"contentUrl\":\"https:\/\/matteoweil.com\/wp-content\/uploads\/2025\/04\/Capture-decran-2025-01-13-122426-1.png\",\"width\":889,\"height\":501},{\"@type\":\"BreadcrumbList\",\"@id\":\"https:\/\/matteoweil.com\/?page_id=201#breadcrumb\",\"itemListElement\":[{\"@type\":\"ListItem\",\"position\":1,\"name\":\"Accueil\",\"item\":\"https:\/\/matteoweil.com\/\"},{\"@type\":\"ListItem\",\"position\":2,\"name\":\"Confiserie Payet\"}]},{\"@type\":\"WebSite\",\"@id\":\"https:\/\/matteoweil.com\/#website\",\"url\":\"https:\/\/matteoweil.com\/\",\"name\":\"Portfolio Matteo WEIL\",\"description\":\"&lt;Bienvenue sur mon portfolio\/&gt; :)\",\"publisher\":{\"@id\":\"https:\/\/matteoweil.com\/#organization\"},\"potentialAction\":[{\"@type\":\"SearchAction\",\"target\":{\"@type\":\"EntryPoint\",\"urlTemplate\":\"https:\/\/matteoweil.com\/?s={search_term_string}\"},\"query-input\":{\"@type\":\"PropertyValueSpecification\",\"valueRequired\":true,\"valueName\":\"search_term_string\"}}],\"inLanguage\":\"fr-FR\"},{\"@type\":\"Organization\",\"@id\":\"https:\/\/matteoweil.com\/#organization\",\"name\":\"Portfolio Matteo WEIL\",\"url\":\"https:\/\/matteoweil.com\/\",\"logo\":{\"@type\":\"ImageObject\",\"inLanguage\":\"fr-FR\",\"@id\":\"https:\/\/matteoweil.com\/#\/schema\/logo\/image\/\",\"url\":\"https:\/\/matteoweil.com\/wp-content\/uploads\/2025\/04\/new_logo-removebg-preview.png\",\"contentUrl\":\"https:\/\/matteoweil.com\/wp-content\/uploads\/2025\/04\/new_logo-removebg-preview.png\",\"width\":449,\"height\":443,\"caption\":\"Portfolio Matteo WEIL\"},\"image\":{\"@id\":\"https:\/\/matteoweil.com\/#\/schema\/logo\/image\/\"}}]}<\/script>\n<!-- \/ Yoast SEO plugin. -->","yoast_head_json":{"title":"Confiserie Payet - Portfolio Matteo WEIL","robots":{"index":"index","follow":"follow","max-snippet":"max-snippet:-1","max-image-preview":"max-image-preview:large","max-video-preview":"max-video-preview:-1"},"canonical":"https:\/\/matteoweil.com\/?page_id=201","og_locale":"fr_FR","og_type":"article","og_title":"Confiserie Payet - Portfolio Matteo WEIL","og_description":"MAtteo ,ROMAN, ALexandreConfiseriEPAYET &nbsp;Projet de Site Vitrine pour une Confiserie Contexte et Objectifs Ce projet avait pour objectif la conception et le d\u00e9ploiement d\u2019un site vitrine pour une confiserie en utilisant WordPress. L\u2019accent a \u00e9t\u00e9 mis sur l\u2019acquisition d\u2019une expertise technique en h\u00e9bergement web, en configuration de serveurs et en gestion de domaines. L\u2019objectif final [&hellip;]","og_url":"https:\/\/matteoweil.com\/?page_id=201","og_site_name":"Portfolio Matteo WEIL","article_modified_time":"2025-04-03T16:09:35+00:00","og_image":[{"url":"https:\/\/matteoweil.com\/wp-content\/uploads\/2025\/04\/Capture-decran-2025-01-13-122426-1.png","type":"","width":"","height":""}],"twitter_card":"summary_large_image","twitter_misc":{"Dur\u00e9e de lecture estim\u00e9e":"7 minutes"},"schema":{"@context":"https:\/\/schema.org","@graph":[{"@type":"WebPage","@id":"https:\/\/matteoweil.com\/?page_id=201","url":"https:\/\/matteoweil.com\/?page_id=201","name":"Confiserie Payet - Portfolio Matteo WEIL","isPartOf":{"@id":"https:\/\/matteoweil.com\/#website"},"primaryImageOfPage":{"@id":"https:\/\/matteoweil.com\/?page_id=201#primaryimage"},"image":{"@id":"https:\/\/matteoweil.com\/?page_id=201#primaryimage"},"thumbnailUrl":"https:\/\/matteoweil.com\/wp-content\/uploads\/2025\/04\/Capture-decran-2025-01-13-122426-1.png","datePublished":"2025-04-01T19:50:38+00:00","dateModified":"2025-04-03T16:09:35+00:00","breadcrumb":{"@id":"https:\/\/matteoweil.com\/?page_id=201#breadcrumb"},"inLanguage":"fr-FR","potentialAction":[{"@type":"ReadAction","target":["https:\/\/matteoweil.com\/?page_id=201"]}]},{"@type":"ImageObject","inLanguage":"fr-FR","@id":"https:\/\/matteoweil.com\/?page_id=201#primaryimage","url":"https:\/\/matteoweil.com\/wp-content\/uploads\/2025\/04\/Capture-decran-2025-01-13-122426-1.png","contentUrl":"https:\/\/matteoweil.com\/wp-content\/uploads\/2025\/04\/Capture-decran-2025-01-13-122426-1.png","width":889,"height":501},{"@type":"BreadcrumbList","@id":"https:\/\/matteoweil.com\/?page_id=201#breadcrumb","itemListElement":[{"@type":"ListItem","position":1,"name":"Accueil","item":"https:\/\/matteoweil.com\/"},{"@type":"ListItem","position":2,"name":"Confiserie Payet"}]},{"@type":"WebSite","@id":"https:\/\/matteoweil.com\/#website","url":"https:\/\/matteoweil.com\/","name":"Portfolio Matteo WEIL","description":"&lt;Bienvenue sur mon portfolio\/&gt; :)","publisher":{"@id":"https:\/\/matteoweil.com\/#organization"},"potentialAction":[{"@type":"SearchAction","target":{"@type":"EntryPoint","urlTemplate":"https:\/\/matteoweil.com\/?s={search_term_string}"},"query-input":{"@type":"PropertyValueSpecification","valueRequired":true,"valueName":"search_term_string"}}],"inLanguage":"fr-FR"},{"@type":"Organization","@id":"https:\/\/matteoweil.com\/#organization","name":"Portfolio Matteo WEIL","url":"https:\/\/matteoweil.com\/","logo":{"@type":"ImageObject","inLanguage":"fr-FR","@id":"https:\/\/matteoweil.com\/#\/schema\/logo\/image\/","url":"https:\/\/matteoweil.com\/wp-content\/uploads\/2025\/04\/new_logo-removebg-preview.png","contentUrl":"https:\/\/matteoweil.com\/wp-content\/uploads\/2025\/04\/new_logo-removebg-preview.png","width":449,"height":443,"caption":"Portfolio Matteo WEIL"},"image":{"@id":"https:\/\/matteoweil.com\/#\/schema\/logo\/image\/"}}]}},"_links":{"self":[{"href":"https:\/\/matteoweil.com\/index.php?rest_route=\/wp\/v2\/pages\/201","targetHints":{"allow":["GET"]}}],"collection":[{"href":"https:\/\/matteoweil.com\/index.php?rest_route=\/wp\/v2\/pages"}],"about":[{"href":"https:\/\/matteoweil.com\/index.php?rest_route=\/wp\/v2\/types\/page"}],"author":[{"embeddable":true,"href":"https:\/\/matteoweil.com\/index.php?rest_route=\/wp\/v2\/users\/1"}],"replies":[{"embeddable":true,"href":"https:\/\/matteoweil.com\/index.php?rest_route=%2Fwp%2Fv2%2Fcomments&post=201"}],"version-history":[{"count":4,"href":"https:\/\/matteoweil.com\/index.php?rest_route=\/wp\/v2\/pages\/201\/revisions"}],"predecessor-version":[{"id":334,"href":"https:\/\/matteoweil.com\/index.php?rest_route=\/wp\/v2\/pages\/201\/revisions\/334"}],"wp:attachment":[{"href":"https:\/\/matteoweil.com\/index.php?rest_route=%2Fwp%2Fv2%2Fmedia&parent=201"}],"curies":[{"name":"wp","href":"https:\/\/api.w.org\/{rel}","templated":true}]}}