{"id":376,"date":"2025-04-08T10:26:49","date_gmt":"2025-04-08T10:26:49","guid":{"rendered":"https:\/\/matteoweil.com\/?page_id=376"},"modified":"2025-04-10T05:41:58","modified_gmt":"2025-04-10T05:41:58","slug":"feedzy-demo-page","status":"publish","type":"page","link":"https:\/\/matteoweil.com\/?page_id=376","title":{"rendered":"FLUX RSS"},"content":{"rendered":"<p>[et_pb_section fb_built=\u00a0\u00bb1&Prime; _builder_version=\u00a0\u00bb4.24.0&Prime; background_image=\u00a0\u00bbhttps:\/\/matteoweil.com\/wp-content\/uploads\/2025\/04\/streamer-88-scaled-1.jpg\u00a0\u00bb global_colors_info=\u00a0\u00bb{}\u00a0\u00bb][et_pb_row _builder_version=\u00a0\u00bb4.24.0&Prime; background_size=\u00a0\u00bbinitial\u00a0\u00bb background_position=\u00a0\u00bbtop_left\u00a0\u00bb background_repeat=\u00a0\u00bbrepeat\u00a0\u00bb hover_enabled=\u00a0\u00bb0&Prime; custom_css_free_form=\u00a0\u00bb.feedzy-rss .rss_item_title,||.feedzy-rss .rss_item_description {||  color: #ffffff !important;||}||||h2 {||    color: white;||}||\u00a0\u00bb global_colors_info=\u00a0\u00bb{}\u00a0\u00bb sticky_enabled=\u00a0\u00bb0&Prime;][et_pb_column type=\u00a0\u00bb4_4&Prime; _builder_version=\u00a0\u00bb4.16&Prime; custom_padding=\u00a0\u00bb|||\u00a0\u00bb global_colors_info=\u00a0\u00bb{}\u00a0\u00bb custom_padding__hover=\u00a0\u00bb|||\u00a0\u00bb][et_pb_text _builder_version=\u00a0\u00bb4.24.0&Prime; text_text_color=\u00a0\u00bb#FFFFFF\u00a0\u00bb header_text_color=\u00a0\u00bb#FFFFFF\u00a0\u00bb background_size=\u00a0\u00bbinitial\u00a0\u00bb background_position=\u00a0\u00bbtop_left\u00a0\u00bb background_repeat=\u00a0\u00bbrepeat\u00a0\u00bb global_colors_info=\u00a0\u00bb{}\u00a0\u00bb]<\/p>\n<div class=\"feedzy-51e1979c8e26084deb089a83b0719532 feedzy-rss\"><div class=\"rss_header\"><h2><a href=\"https:\/\/lejournal.cnrs.fr\/\" class=\"rss_title\" rel=\"noopener\">CNRS le Journal th\u00e9matique : ordinateur quantique<\/a> <span class=\"rss_description\"> Donner du sens \u00e0 la science<\/span><\/h2><\/div><ul><li  style=\"padding: 15px 0 25px\" class=\"rss_item\"><div class=\"rss_image\" style=\"width:150px; height:150px;\"><a href=\"https:\/\/lejournal.cnrs.fr\/articles\/les-nouveaux-visages-de-linnovation\" target=\"_blank\" rel=\" noopener\" title=\"Les nouveaux visages de l'innovation\" style=\"width:150px; height:150px;\"><span class=\"fetched\" style=\"background-image:  url('https:\/\/lejournal.cnrs.fr\/sites\/default\/files\/styles\/social\/public\/assets\/images\/cnrs_20250105_0002_72dpi.jpg?itok=d8ryBsQg');\" title=\"Les nouveaux visages de l&#039;innovation\"><\/span><amp-img width=\"150\" height=\"150\" src=\"https:\/\/lejournal.cnrs.fr\/sites\/default\/files\/styles\/social\/public\/assets\/images\/cnrs_20250105_0002_72dpi.jpg?itok=d8ryBsQg\"><\/a><\/div><span class=\"title\"><a href=\"https:\/\/lejournal.cnrs.fr\/articles\/les-nouveaux-visages-de-linnovation\" target=\"_blank\" rel=\" noopener\">Les nouveaux visages de l'innovation<\/a><\/span><div class=\"rss_content\" style=\"\"><small>on d\u00e9cembre 18, 2025 at 1:38 pm <\/small><p>Linguistique, biologie, chimie, photonique quantique : les\u00a0m\u00e9dailles de l\u2019innovation du\u00a0CNRS 2025 distinguent quatre scientifiques passionn\u00e9s de recherche aussi bien fondamentale qu\u2019appliqu\u00e9e. Portraits.<\/p><\/div><\/li><li  style=\"padding: 15px 0 25px\" class=\"rss_item\"><div class=\"rss_image\" style=\"width:150px; height:150px;\"><a href=\"https:\/\/lejournal.cnrs.fr\/articles\/pascale-senellart-au-coeur-de-la-revolution-quantique\" target=\"_blank\" rel=\" noopener\" title=\"Pascale Senellart, au\u00a0c\u0153ur\u00a0de la\u00a0r\u00e9volution\u00a0quantique\" style=\"width:150px; height:150px;\"><span class=\"fetched\" style=\"background-image:  url('https:\/\/lejournal.cnrs.fr\/sites\/default\/files\/styles\/social\/public\/assets\/images\/_frc4851_72dpi.jpg?itok=cA2olqJA');\" title=\"Pascale Senellart, au\u00a0c\u0153ur\u00a0de la\u00a0r\u00e9volution\u00a0quantique\"><\/span><amp-img width=\"150\" height=\"150\" src=\"https:\/\/lejournal.cnrs.fr\/sites\/default\/files\/styles\/social\/public\/assets\/images\/_frc4851_72dpi.jpg?itok=cA2olqJA\"><\/a><\/div><span class=\"title\"><a href=\"https:\/\/lejournal.cnrs.fr\/articles\/pascale-senellart-au-coeur-de-la-revolution-quantique\" target=\"_blank\" rel=\" noopener\">Pascale Senellart, au\u00a0c\u0153ur\u00a0de la\u00a0r\u00e9volution\u00a0quantique<\/a><\/span><div class=\"rss_content\" style=\"\"><small>on septembre 16, 2025 at 7:41 pm <\/small><p>Reconnue pour ses travaux sur les\u00a0bo\u00eetes quantiques, la\u00a0physicienne m\u00e8ne\u00a0ses\u00a0recherches au sein du laboratoire commun\u00a0au Centre de nanosciences et de nanotechnologies et \u00e0 la\u00a0start-up qu\u2019elle a\u00a0cofond\u00e9e. Dans son\u00a0viseur\u2009: les\u00a0technologies quantiques \u00e0\u00a0base de photons. Portrait.<\/p><\/div><\/li><li  style=\"padding: 15px 0 25px\" class=\"rss_item\"><div class=\"rss_image\" style=\"width:150px; height:150px;\"><a href=\"https:\/\/lejournal.cnrs.fr\/articles\/la-cryptographie-face-a-la-menace-quantique\" target=\"_blank\" rel=\" noopener\" title=\"La cryptographie face \u00e0 la menace quantique\" style=\"width:150px; height:150px;\"><span class=\"fetched\" style=\"background-image:  url('https:\/\/lejournal.cnrs.fr\/sites\/default\/files\/styles\/social\/public\/assets\/images\/adobestock_588715237_72dpi.jpg?itok=yIDh0L0D');\" title=\"La cryptographie face \u00e0 la menace quantique\"><\/span><amp-img width=\"150\" height=\"150\" src=\"https:\/\/lejournal.cnrs.fr\/sites\/default\/files\/styles\/social\/public\/assets\/images\/adobestock_588715237_72dpi.jpg?itok=yIDh0L0D\"><\/a><\/div><span class=\"title\"><a href=\"https:\/\/lejournal.cnrs.fr\/articles\/la-cryptographie-face-a-la-menace-quantique\" target=\"_blank\" rel=\" noopener\">La cryptographie face \u00e0 la menace quantique<\/a><\/span><div class=\"rss_content\" style=\"\"><small>on juin 23, 2025 at 7:34 am <\/small><p>Le cryptologue Benjamin Wesolowski nous explique comment renforcer les m\u00e9thodes cryptographiques afin de les rendre r\u00e9sistantes face \u00e0 l\u2019av\u00e8nement \u00e9ventuel de l\u2019ordinateur quantique.<\/p><\/div><\/li><li  style=\"padding: 15px 0 25px\" class=\"rss_item\"><div class=\"rss_image\" style=\"width:150px; height:150px;\"><a href=\"https:\/\/lejournal.cnrs.fr\/articles\/une-collaboration-cnrs-atteint-a-son-tour-lavantage-quantique\" target=\"_blank\" rel=\" noopener\" title=\"Une collaboration CNRS atteint \u00e0 son tour l\u2019avantage quantique !\" style=\"width:150px; height:150px;\"><span class=\"fetched\" style=\"background-image:  url('https:\/\/lejournal.cnrs.fr\/sites\/default\/files\/styles\/social\/public\/assets\/images\/adobestock_320460611_72dpi.jpg?itok=1RV-z9wp');\" title=\"Une collaboration CNRS atteint \u00e0 son tour l\u2019avantage quantique !\"><\/span><amp-img width=\"150\" height=\"150\" src=\"https:\/\/lejournal.cnrs.fr\/sites\/default\/files\/styles\/social\/public\/assets\/images\/adobestock_320460611_72dpi.jpg?itok=1RV-z9wp\"><\/a><\/div><span class=\"title\"><a href=\"https:\/\/lejournal.cnrs.fr\/articles\/une-collaboration-cnrs-atteint-a-son-tour-lavantage-quantique\" target=\"_blank\" rel=\" noopener\">Une collaboration CNRS atteint \u00e0 son tour l\u2019avantage quantique !<\/a><\/span><div class=\"rss_content\" style=\"\"><small>on juillet 16, 2021 at 10:09 am <\/small><p>Avec un algorithme qui r\u00e9sout en quelques secondes un probl\u00e8me qui prendrait des milliards d\u2019ann\u00e9es \u00e0 un supercalculateur, une \u00e9quipe comprenant des scientifiques du CNRS a atteint un avantage quantique. Leurs travaux permettent d\u2019ailleurs de v\u00e9rifier un avantage quantique en calcul, comme ceux annonc\u00e9s pr\u00e9c\u00e9demment par Google puis par une \u00e9quipe chinoise.<\/p><\/div><\/li><li  style=\"padding: 15px 0 25px\" class=\"rss_item\"><div class=\"rss_image\" style=\"width:150px; height:150px;\"><a href=\"https:\/\/lejournal.cnrs.fr\/articles\/une-informatique-a-reinventer-pour-le-calcul-quantique\" target=\"_blank\" rel=\" noopener\" title=\"Une informatique \u00e0 r\u00e9inventer pour le calcul quantique\" style=\"width:150px; height:150px;\"><span class=\"fetched\" style=\"background-image:  url('https:\/\/lejournal.cnrs.fr\/sites\/default\/files\/styles\/social\/public\/assets\/images\/dsc02396_72dpi_ter.jpg?itok=S4wXeqqp');\" title=\"Une informatique \u00e0 r\u00e9inventer pour le calcul quantique\"><\/span><amp-img width=\"150\" height=\"150\" src=\"https:\/\/lejournal.cnrs.fr\/sites\/default\/files\/styles\/social\/public\/assets\/images\/dsc02396_72dpi_ter.jpg?itok=S4wXeqqp\"><\/a><\/div><span class=\"title\"><a href=\"https:\/\/lejournal.cnrs.fr\/articles\/une-informatique-a-reinventer-pour-le-calcul-quantique\" target=\"_blank\" rel=\" noopener\">Une informatique \u00e0 r\u00e9inventer pour le calcul quantique<\/a><\/span><div class=\"rss_content\" style=\"\"><small>on avril 6, 2021 at 2:08 pm <\/small><p>Pour r\u00e9volutionner le calcul, ainsi que le laisse esp\u00e9rer l\u2019arriv\u00e9e des tout premiers ordinateurs quantiques, les chercheurs doivent r\u00e9soudre d\u2019excitants d\u00e9fis, comme \u00e9crire une nouvelle informatique ou limiter les nombreuses erreurs encore commises par ces machines surpuissantes.<\/p><\/div><\/li><\/ul> <\/div><style type=\"text\/css\" media=\"all\">.feedzy-rss .rss_item .rss_image{float:left;position:relative;border:none;text-decoration:none;max-width:100%}.feedzy-rss .rss_item .rss_image span{display:inline-block;position:absolute;width:100%;height:100%;background-position:50%;background-size:cover}.feedzy-rss .rss_item .rss_image{margin:.3em 1em 0 0;content-visibility:auto}.feedzy-rss ul{list-style:none}.feedzy-rss ul li{display:inline-block}<\/style>\n<p>[\/et_pb_text][\/et_pb_column][\/et_pb_row][\/et_pb_section]<\/p>\n","protected":false},"excerpt":{"rendered":"<div class=\"feedzy-51e1979c8e26084deb089a83b0719532 feedzy-rss\"><div class=\"rss_header\"><h2><a href=\"https:\/\/lejournal.cnrs.fr\/\" class=\"rss_title\" rel=\"noopener\">CNRS le Journal th\u00e9matique : ordinateur quantique<\/a> <span class=\"rss_description\"> Donner du sens \u00e0 la science<\/span><\/h2><\/div><ul><li  style=\"padding: 15px 0 25px\" class=\"rss_item\"><div class=\"rss_image\" style=\"width:150px; height:150px;\"><a href=\"https:\/\/lejournal.cnrs.fr\/articles\/les-nouveaux-visages-de-linnovation\" target=\"_blank\" rel=\" noopener\" title=\"Les nouveaux visages de l'innovation\" style=\"width:150px; height:150px;\"><span class=\"fetched\" style=\"background-image:  url('https:\/\/lejournal.cnrs.fr\/sites\/default\/files\/styles\/social\/public\/assets\/images\/cnrs_20250105_0002_72dpi.jpg?itok=d8ryBsQg');\" title=\"Les nouveaux visages de l&#039;innovation\"><\/span><amp-img width=\"150\" height=\"150\" src=\"https:\/\/lejournal.cnrs.fr\/sites\/default\/files\/styles\/social\/public\/assets\/images\/cnrs_20250105_0002_72dpi.jpg?itok=d8ryBsQg\"><\/a><\/div><span class=\"title\"><a href=\"https:\/\/lejournal.cnrs.fr\/articles\/les-nouveaux-visages-de-linnovation\" target=\"_blank\" rel=\" noopener\">Les nouveaux visages de l'innovation<\/a><\/span><div class=\"rss_content\" style=\"\"><small>on d\u00e9cembre 18, 2025 at 1:38 pm <\/small><p>Linguistique, biologie, chimie, photonique quantique : les\u00a0m\u00e9dailles de l\u2019innovation du\u00a0CNRS 2025 distinguent quatre scientifiques passionn\u00e9s de recherche aussi bien fondamentale qu\u2019appliqu\u00e9e. Portraits.<\/p><\/div><\/li><li  style=\"padding: 15px 0 25px\" class=\"rss_item\"><div class=\"rss_image\" style=\"width:150px; height:150px;\"><a href=\"https:\/\/lejournal.cnrs.fr\/articles\/pascale-senellart-au-coeur-de-la-revolution-quantique\" target=\"_blank\" rel=\" noopener\" title=\"Pascale Senellart, au\u00a0c\u0153ur\u00a0de la\u00a0r\u00e9volution\u00a0quantique\" style=\"width:150px; height:150px;\"><span class=\"fetched\" style=\"background-image:  url('https:\/\/lejournal.cnrs.fr\/sites\/default\/files\/styles\/social\/public\/assets\/images\/_frc4851_72dpi.jpg?itok=cA2olqJA');\" title=\"Pascale Senellart, au\u00a0c\u0153ur\u00a0de la\u00a0r\u00e9volution\u00a0quantique\"><\/span><amp-img width=\"150\" height=\"150\" src=\"https:\/\/lejournal.cnrs.fr\/sites\/default\/files\/styles\/social\/public\/assets\/images\/_frc4851_72dpi.jpg?itok=cA2olqJA\"><\/a><\/div><span class=\"title\"><a href=\"https:\/\/lejournal.cnrs.fr\/articles\/pascale-senellart-au-coeur-de-la-revolution-quantique\" target=\"_blank\" rel=\" noopener\">Pascale Senellart, au\u00a0c\u0153ur\u00a0de la\u00a0r\u00e9volution\u00a0quantique<\/a><\/span><div class=\"rss_content\" style=\"\"><small>on septembre 16, 2025 at 7:41 pm <\/small><p>Reconnue pour ses travaux sur les\u00a0bo\u00eetes quantiques, la\u00a0physicienne m\u00e8ne\u00a0ses\u00a0recherches au sein du laboratoire commun\u00a0au Centre de nanosciences et de nanotechnologies et \u00e0 la\u00a0start-up qu\u2019elle a\u00a0cofond\u00e9e. Dans son\u00a0viseur\u2009: les\u00a0technologies quantiques \u00e0\u00a0base de photons. Portrait.<\/p><\/div><\/li><li  style=\"padding: 15px 0 25px\" class=\"rss_item\"><div class=\"rss_image\" style=\"width:150px; height:150px;\"><a href=\"https:\/\/lejournal.cnrs.fr\/articles\/la-cryptographie-face-a-la-menace-quantique\" target=\"_blank\" rel=\" noopener\" title=\"La cryptographie face \u00e0 la menace quantique\" style=\"width:150px; height:150px;\"><span class=\"fetched\" style=\"background-image:  url('https:\/\/lejournal.cnrs.fr\/sites\/default\/files\/styles\/social\/public\/assets\/images\/adobestock_588715237_72dpi.jpg?itok=yIDh0L0D');\" title=\"La cryptographie face \u00e0 la menace quantique\"><\/span><amp-img width=\"150\" height=\"150\" src=\"https:\/\/lejournal.cnrs.fr\/sites\/default\/files\/styles\/social\/public\/assets\/images\/adobestock_588715237_72dpi.jpg?itok=yIDh0L0D\"><\/a><\/div><span class=\"title\"><a href=\"https:\/\/lejournal.cnrs.fr\/articles\/la-cryptographie-face-a-la-menace-quantique\" target=\"_blank\" rel=\" noopener\">La cryptographie face \u00e0 la menace quantique<\/a><\/span><div class=\"rss_content\" style=\"\"><small>on juin 23, 2025 at 7:34 am <\/small><p>Le cryptologue Benjamin Wesolowski nous explique comment renforcer les m\u00e9thodes cryptographiques afin de les rendre r\u00e9sistantes face \u00e0 l\u2019av\u00e8nement \u00e9ventuel de l\u2019ordinateur quantique.<\/p><\/div><\/li><li  style=\"padding: 15px 0 25px\" class=\"rss_item\"><div class=\"rss_image\" style=\"width:150px; height:150px;\"><a href=\"https:\/\/lejournal.cnrs.fr\/articles\/une-collaboration-cnrs-atteint-a-son-tour-lavantage-quantique\" target=\"_blank\" rel=\" noopener\" title=\"Une collaboration CNRS atteint \u00e0 son tour l\u2019avantage quantique !\" style=\"width:150px; height:150px;\"><span class=\"fetched\" style=\"background-image:  url('https:\/\/lejournal.cnrs.fr\/sites\/default\/files\/styles\/social\/public\/assets\/images\/adobestock_320460611_72dpi.jpg?itok=1RV-z9wp');\" title=\"Une collaboration CNRS atteint \u00e0 son tour l\u2019avantage quantique !\"><\/span><amp-img width=\"150\" height=\"150\" src=\"https:\/\/lejournal.cnrs.fr\/sites\/default\/files\/styles\/social\/public\/assets\/images\/adobestock_320460611_72dpi.jpg?itok=1RV-z9wp\"><\/a><\/div><span class=\"title\"><a href=\"https:\/\/lejournal.cnrs.fr\/articles\/une-collaboration-cnrs-atteint-a-son-tour-lavantage-quantique\" target=\"_blank\" rel=\" noopener\">Une collaboration CNRS atteint \u00e0 son tour l\u2019avantage quantique !<\/a><\/span><div class=\"rss_content\" style=\"\"><small>on juillet 16, 2021 at 10:09 am <\/small><p>Avec un algorithme qui r\u00e9sout en quelques secondes un probl\u00e8me qui prendrait des milliards d\u2019ann\u00e9es \u00e0 un supercalculateur, une \u00e9quipe comprenant des scientifiques du CNRS a atteint un avantage quantique. Leurs travaux permettent d\u2019ailleurs de v\u00e9rifier un avantage quantique en calcul, comme ceux annonc\u00e9s pr\u00e9c\u00e9demment par Google puis par une \u00e9quipe chinoise.<\/p><\/div><\/li><li  style=\"padding: 15px 0 25px\" class=\"rss_item\"><div class=\"rss_image\" style=\"width:150px; height:150px;\"><a href=\"https:\/\/lejournal.cnrs.fr\/articles\/une-informatique-a-reinventer-pour-le-calcul-quantique\" target=\"_blank\" rel=\" noopener\" title=\"Une informatique \u00e0 r\u00e9inventer pour le calcul quantique\" style=\"width:150px; height:150px;\"><span class=\"fetched\" style=\"background-image:  url('https:\/\/lejournal.cnrs.fr\/sites\/default\/files\/styles\/social\/public\/assets\/images\/dsc02396_72dpi_ter.jpg?itok=S4wXeqqp');\" title=\"Une informatique \u00e0 r\u00e9inventer pour le calcul quantique\"><\/span><amp-img width=\"150\" height=\"150\" src=\"https:\/\/lejournal.cnrs.fr\/sites\/default\/files\/styles\/social\/public\/assets\/images\/dsc02396_72dpi_ter.jpg?itok=S4wXeqqp\"><\/a><\/div><span class=\"title\"><a href=\"https:\/\/lejournal.cnrs.fr\/articles\/une-informatique-a-reinventer-pour-le-calcul-quantique\" target=\"_blank\" rel=\" noopener\">Une informatique \u00e0 r\u00e9inventer pour le calcul quantique<\/a><\/span><div class=\"rss_content\" style=\"\"><small>on avril 6, 2021 at 2:08 pm <\/small><p>Pour r\u00e9volutionner le calcul, ainsi que le laisse esp\u00e9rer l\u2019arriv\u00e9e des tout premiers ordinateurs quantiques, les chercheurs doivent r\u00e9soudre d\u2019excitants d\u00e9fis, comme \u00e9crire une nouvelle informatique ou limiter les nombreuses erreurs encore commises par ces machines surpuissantes.<\/p><\/div><\/li><\/ul> <\/div><style type=\"text\/css\" media=\"all\">.feedzy-rss .rss_item .rss_image{float:left;position:relative;border:none;text-decoration:none;max-width:100%}.feedzy-rss .rss_item .rss_image span{display:inline-block;position:absolute;width:100%;height:100%;background-position:50%;background-size:cover}.feedzy-rss .rss_item .rss_image{margin:.3em 1em 0 0;content-visibility:auto}.feedzy-rss ul{list-style:none}.feedzy-rss ul li{display:inline-block}<\/style>\n","protected":false},"author":1,"featured_media":0,"parent":0,"menu_order":0,"comment_status":"closed","ping_status":"closed","template":"","meta":{"_et_pb_use_builder":"on","_et_pb_old_content":"[feedzy-rss feeds=https:\/\/lejournal.cnrs.fr\/rss\/5071]","_et_gb_content_width":"","footnotes":""},"class_list":["post-376","page","type-page","status-publish","hentry"],"yoast_head":"<!-- This site is optimized with the Yoast SEO plugin v24.8.1 - https:\/\/yoast.com\/wordpress\/plugins\/seo\/ -->\n<title>FLUX RSS - Portfolio Matteo WEIL<\/title>\n<meta name=\"robots\" content=\"index, follow, max-snippet:-1, max-image-preview:large, max-video-preview:-1\" \/>\n<link rel=\"canonical\" href=\"https:\/\/matteoweil.com\/?page_id=376\" \/>\n<meta property=\"og:locale\" content=\"fr_FR\" \/>\n<meta property=\"og:type\" content=\"article\" \/>\n<meta property=\"og:title\" content=\"FLUX RSS - Portfolio Matteo WEIL\" \/>\n<meta property=\"og:url\" content=\"https:\/\/matteoweil.com\/?page_id=376\" \/>\n<meta property=\"og:site_name\" content=\"Portfolio Matteo WEIL\" \/>\n<meta property=\"article:modified_time\" content=\"2025-04-10T05:41:58+00:00\" \/>\n<meta name=\"twitter:card\" content=\"summary_large_image\" \/>\n<meta name=\"twitter:description\" content=\"[feedzy-rss feeds=https:\/\/lejournal.cnrs.fr\/rss\/5071]\" \/>\n<meta name=\"twitter:label1\" content=\"Dur\u00e9e de lecture estim\u00e9e\" \/>\n\t<meta name=\"twitter:data1\" content=\"1 minute\" \/>\n<script type=\"application\/ld+json\" class=\"yoast-schema-graph\">{\"@context\":\"https:\/\/schema.org\",\"@graph\":[{\"@type\":\"WebPage\",\"@id\":\"https:\/\/matteoweil.com\/?page_id=376\",\"url\":\"https:\/\/matteoweil.com\/?page_id=376\",\"name\":\"FLUX RSS - Portfolio Matteo WEIL\",\"isPartOf\":{\"@id\":\"https:\/\/matteoweil.com\/#website\"},\"datePublished\":\"2025-04-08T10:26:49+00:00\",\"dateModified\":\"2025-04-10T05:41:58+00:00\",\"breadcrumb\":{\"@id\":\"https:\/\/matteoweil.com\/?page_id=376#breadcrumb\"},\"inLanguage\":\"fr-FR\",\"potentialAction\":[{\"@type\":\"ReadAction\",\"target\":[\"https:\/\/matteoweil.com\/?page_id=376\"]}]},{\"@type\":\"BreadcrumbList\",\"@id\":\"https:\/\/matteoweil.com\/?page_id=376#breadcrumb\",\"itemListElement\":[{\"@type\":\"ListItem\",\"position\":1,\"name\":\"Accueil\",\"item\":\"https:\/\/matteoweil.com\/\"},{\"@type\":\"ListItem\",\"position\":2,\"name\":\"FLUX RSS\"}]},{\"@type\":\"WebSite\",\"@id\":\"https:\/\/matteoweil.com\/#website\",\"url\":\"https:\/\/matteoweil.com\/\",\"name\":\"Portfolio Matteo WEIL\",\"description\":\"&lt;Bienvenue sur mon portfolio\/&gt; :)\",\"publisher\":{\"@id\":\"https:\/\/matteoweil.com\/#organization\"},\"potentialAction\":[{\"@type\":\"SearchAction\",\"target\":{\"@type\":\"EntryPoint\",\"urlTemplate\":\"https:\/\/matteoweil.com\/?s={search_term_string}\"},\"query-input\":{\"@type\":\"PropertyValueSpecification\",\"valueRequired\":true,\"valueName\":\"search_term_string\"}}],\"inLanguage\":\"fr-FR\"},{\"@type\":\"Organization\",\"@id\":\"https:\/\/matteoweil.com\/#organization\",\"name\":\"Portfolio Matteo WEIL\",\"url\":\"https:\/\/matteoweil.com\/\",\"logo\":{\"@type\":\"ImageObject\",\"inLanguage\":\"fr-FR\",\"@id\":\"https:\/\/matteoweil.com\/#\/schema\/logo\/image\/\",\"url\":\"https:\/\/matteoweil.com\/wp-content\/uploads\/2025\/04\/new_logo-removebg-preview.png\",\"contentUrl\":\"https:\/\/matteoweil.com\/wp-content\/uploads\/2025\/04\/new_logo-removebg-preview.png\",\"width\":449,\"height\":443,\"caption\":\"Portfolio Matteo WEIL\"},\"image\":{\"@id\":\"https:\/\/matteoweil.com\/#\/schema\/logo\/image\/\"}}]}<\/script>\n<!-- \/ Yoast SEO plugin. -->","yoast_head_json":{"title":"FLUX RSS - Portfolio Matteo WEIL","robots":{"index":"index","follow":"follow","max-snippet":"max-snippet:-1","max-image-preview":"max-image-preview:large","max-video-preview":"max-video-preview:-1"},"canonical":"https:\/\/matteoweil.com\/?page_id=376","og_locale":"fr_FR","og_type":"article","og_title":"FLUX RSS - Portfolio Matteo WEIL","og_url":"https:\/\/matteoweil.com\/?page_id=376","og_site_name":"Portfolio Matteo WEIL","article_modified_time":"2025-04-10T05:41:58+00:00","twitter_card":"summary_large_image","twitter_description":"[feedzy-rss feeds=https:\/\/lejournal.cnrs.fr\/rss\/5071]","twitter_misc":{"Dur\u00e9e de lecture estim\u00e9e":"1 minute"},"schema":{"@context":"https:\/\/schema.org","@graph":[{"@type":"WebPage","@id":"https:\/\/matteoweil.com\/?page_id=376","url":"https:\/\/matteoweil.com\/?page_id=376","name":"FLUX RSS - Portfolio Matteo WEIL","isPartOf":{"@id":"https:\/\/matteoweil.com\/#website"},"datePublished":"2025-04-08T10:26:49+00:00","dateModified":"2025-04-10T05:41:58+00:00","breadcrumb":{"@id":"https:\/\/matteoweil.com\/?page_id=376#breadcrumb"},"inLanguage":"fr-FR","potentialAction":[{"@type":"ReadAction","target":["https:\/\/matteoweil.com\/?page_id=376"]}]},{"@type":"BreadcrumbList","@id":"https:\/\/matteoweil.com\/?page_id=376#breadcrumb","itemListElement":[{"@type":"ListItem","position":1,"name":"Accueil","item":"https:\/\/matteoweil.com\/"},{"@type":"ListItem","position":2,"name":"FLUX RSS"}]},{"@type":"WebSite","@id":"https:\/\/matteoweil.com\/#website","url":"https:\/\/matteoweil.com\/","name":"Portfolio Matteo WEIL","description":"&lt;Bienvenue sur mon portfolio\/&gt; :)","publisher":{"@id":"https:\/\/matteoweil.com\/#organization"},"potentialAction":[{"@type":"SearchAction","target":{"@type":"EntryPoint","urlTemplate":"https:\/\/matteoweil.com\/?s={search_term_string}"},"query-input":{"@type":"PropertyValueSpecification","valueRequired":true,"valueName":"search_term_string"}}],"inLanguage":"fr-FR"},{"@type":"Organization","@id":"https:\/\/matteoweil.com\/#organization","name":"Portfolio Matteo WEIL","url":"https:\/\/matteoweil.com\/","logo":{"@type":"ImageObject","inLanguage":"fr-FR","@id":"https:\/\/matteoweil.com\/#\/schema\/logo\/image\/","url":"https:\/\/matteoweil.com\/wp-content\/uploads\/2025\/04\/new_logo-removebg-preview.png","contentUrl":"https:\/\/matteoweil.com\/wp-content\/uploads\/2025\/04\/new_logo-removebg-preview.png","width":449,"height":443,"caption":"Portfolio Matteo WEIL"},"image":{"@id":"https:\/\/matteoweil.com\/#\/schema\/logo\/image\/"}}]}},"_links":{"self":[{"href":"https:\/\/matteoweil.com\/index.php?rest_route=\/wp\/v2\/pages\/376","targetHints":{"allow":["GET"]}}],"collection":[{"href":"https:\/\/matteoweil.com\/index.php?rest_route=\/wp\/v2\/pages"}],"about":[{"href":"https:\/\/matteoweil.com\/index.php?rest_route=\/wp\/v2\/types\/page"}],"author":[{"embeddable":true,"href":"https:\/\/matteoweil.com\/index.php?rest_route=\/wp\/v2\/users\/1"}],"replies":[{"embeddable":true,"href":"https:\/\/matteoweil.com\/index.php?rest_route=%2Fwp%2Fv2%2Fcomments&post=376"}],"version-history":[{"count":4,"href":"https:\/\/matteoweil.com\/index.php?rest_route=\/wp\/v2\/pages\/376\/revisions"}],"predecessor-version":[{"id":432,"href":"https:\/\/matteoweil.com\/index.php?rest_route=\/wp\/v2\/pages\/376\/revisions\/432"}],"wp:attachment":[{"href":"https:\/\/matteoweil.com\/index.php?rest_route=%2Fwp%2Fv2%2Fmedia&parent=376"}],"curies":[{"name":"wp","href":"https:\/\/api.w.org\/{rel}","templated":true}]}}